{"id":156,"date":"2021-05-28T08:24:22","date_gmt":"2021-05-28T08:24:22","guid":{"rendered":"http:\/\/prisma.uniroma3.it\/?page_id=156"},"modified":"2022-02-17T14:56:28","modified_gmt":"2022-02-17T14:56:28","slug":"unita-mobile","status":"publish","type":"page","link":"http:\/\/prisma.uniroma3.it\/index.php\/unita-mobile\/","title":{"rendered":"unit\u00e0 mobile per la sicurezza del costruito"},"content":{"rendered":"<div id=\"soliloquy-container-172\" class=\"soliloquy-container soliloquy-transition-fade  soliloquy-theme-base\" style=\"max-width:960px;max-height:300px;\"><ul id=\"soliloquy-172\" class=\"soliloquy-slider soliloquy-slides soliloquy-wrap soliloquy-clear\"><li class=\"soliloquy-item soliloquy-item-1 soliloquy-image-slide\" draggable=\"false\" style=\"list-style:none\"><img id=\"soliloquy-image-173\" class=\"soliloquy-image soliloquy-image-1\" src=\"http:\/\/prisma.uniroma3.it\/wp-content\/uploads\/2021\/05\/unita-mobile-1.jpg\" alt=\"unit\u00e0 mobile 1\" \/><\/li><li class=\"soliloquy-item soliloquy-item-2 soliloquy-image-slide\" draggable=\"false\" style=\"list-style:none\"><img id=\"soliloquy-image-174\" class=\"soliloquy-image soliloquy-image-2\" src=\"http:\/\/prisma.uniroma3.it\/wp-content\/uploads\/2021\/05\/unita-mobile-2.jpg\" alt=\"unit\u00e0 mobile 2\" \/><\/li><li class=\"soliloquy-item soliloquy-item-3 soliloquy-image-slide\" draggable=\"false\" style=\"list-style:none\"><img id=\"soliloquy-image-515\" class=\"soliloquy-image soliloquy-image-3\" src=\"http:\/\/prisma.uniroma3.it\/wp-content\/uploads\/2021\/05\/unita-mobile-3.jpg\" alt=\"unit\u00e0 mobile 3\" \/><\/li><li class=\"soliloquy-item soliloquy-item-4 soliloquy-image-slide\" draggable=\"false\" style=\"list-style:none\"><img id=\"soliloquy-image-516\" class=\"soliloquy-image soliloquy-image-4\" src=\"http:\/\/prisma.uniroma3.it\/wp-content\/uploads\/2021\/05\/unita-mobile-4b.jpg\" alt=\"unit\u00e0 mobile 4b\" \/><\/li><\/ul><\/div><noscript><style type=\"text\/css\">#soliloquy-container-172{opacity:1}<\/style><\/noscript>\n<p>&nbsp;<\/p>\n<p>L&#8217;<strong>Unit\u00e0 Mobile per la Sicurezza del Costruito<\/strong> consente al PRiSMa di operare direttamente sul territorio.<\/p>\n<p>Grazie alle attrezzature di cui dispone, l&#8217;unit\u00e0 mobile pu\u00f2 eseguire diversi tipi di indagine sull&#8217;esistente, quali:<\/p>\n<ul>\n<li>indagini sulle strutture murarie<\/li>\n<li>indagini sulle strutture in legno<\/li>\n<li>indagini sulle strutture in cemento armato<\/li>\n<li>monitoraggi dinamici<\/li>\n<\/ul>\n<p>Di seguito \u00e8 riportato l&#8217;elenco delle principali prove che l&#8217;unit\u00e0 mobile \u00e8 attualmente in grado di eseguire.<\/p>\n<h5><strong>Indagini sulle strutture murarie<\/strong><\/h5>\n<p>&nbsp;<\/p>\n<div id=\"soliloquy-container-180\" class=\"soliloquy-container soliloquy-transition-fade  soliloquy-theme-base\" style=\"max-width:960px;max-height:300px;\"><ul id=\"soliloquy-180\" class=\"soliloquy-slider soliloquy-slides soliloquy-wrap soliloquy-clear\"><li class=\"soliloquy-item soliloquy-item-1 soliloquy-image-slide\" draggable=\"false\" style=\"list-style:none\"><img id=\"soliloquy-image-297\" class=\"soliloquy-image soliloquy-image-1\" src=\"http:\/\/prisma.uniroma3.it\/wp-content\/uploads\/2021\/05\/Martinetti-4.jpg\" alt=\"Martinetti\" \/><\/li><li class=\"soliloquy-item soliloquy-item-2 soliloquy-image-slide\" draggable=\"false\" style=\"list-style:none\"><img id=\"soliloquy-image-298\" class=\"soliloquy-image soliloquy-image-2\" src=\"http:\/\/prisma.uniroma3.it\/wp-content\/uploads\/2021\/05\/Endoscopia-2.jpg\" alt=\"Endoscopia\" \/><\/li><li class=\"soliloquy-item soliloquy-item-3 soliloquy-image-slide\" draggable=\"false\" style=\"list-style:none\"><img id=\"soliloquy-image-299\" class=\"soliloquy-image soliloquy-image-3\" src=\"http:\/\/prisma.uniroma3.it\/wp-content\/uploads\/2021\/05\/Tomografia-2.jpg\" alt=\"Tomografia\" \/><\/li><li class=\"soliloquy-item soliloquy-item-4 soliloquy-image-slide\" draggable=\"false\" style=\"list-style:none\"><img id=\"soliloquy-image-300\" class=\"soliloquy-image soliloquy-image-4\" src=\"http:\/\/prisma.uniroma3.it\/wp-content\/uploads\/2021\/05\/Penetrometro-2.jpg\" alt=\"Penetrometro\" \/><\/li><\/ul><\/div><noscript><style type=\"text\/css\">#soliloquy-container-180{opacity:1}<\/style><\/noscript>\n<p>&nbsp;<\/p>\n<ul>\n<li>prove con i martinetti piatti<\/li>\n<li>endoscopie<\/li>\n<li>tomografie soniche con martello strumentato<\/li>\n<li>prove penetrometriche sulle malte<\/li>\n<li>rilievo visivo<\/li>\n<li>prelievo di campioni in laterizio o pietra con successive prove di caratterizzazione meccanica in laboratorio<\/li>\n<li>prove speciali da valutare su richiesta<\/li>\n<\/ul>\n<h5><strong>Indagini sulle strutture in legno<\/strong><\/h5>\n<p>&nbsp;<\/p>\n<div id=\"soliloquy-container-196\" class=\"soliloquy-container soliloquy-transition-fade  soliloquy-theme-base\" style=\"max-width:960px;max-height:300px;\"><ul id=\"soliloquy-196\" class=\"soliloquy-slider soliloquy-slides soliloquy-wrap soliloquy-clear\"><li class=\"soliloquy-item soliloquy-item-1 soliloquy-image-slide\" draggable=\"false\" style=\"list-style:none\"><img id=\"soliloquy-image-301\" class=\"soliloquy-image soliloquy-image-1\" src=\"http:\/\/prisma.uniroma3.it\/wp-content\/uploads\/2021\/05\/Resistograph-1.jpg\" alt=\"Resistograph\" \/><\/li><li class=\"soliloquy-item soliloquy-item-2 soliloquy-image-slide\" draggable=\"false\" style=\"list-style:none\"><img id=\"soliloquy-image-302\" class=\"soliloquy-image soliloquy-image-2\" src=\"http:\/\/prisma.uniroma3.it\/wp-content\/uploads\/2021\/05\/Igrometro-1.jpg\" alt=\"Igrometro\" \/><\/li><li class=\"soliloquy-item soliloquy-item-3 soliloquy-image-slide\" draggable=\"false\" style=\"list-style:none\"><img id=\"soliloquy-image-303\" class=\"soliloquy-image soliloquy-image-3\" src=\"http:\/\/prisma.uniroma3.it\/wp-content\/uploads\/2021\/05\/Woodpecker-1.jpg\" alt=\"Woodpecker\" \/><\/li><\/ul><\/div><noscript><style type=\"text\/css\">#soliloquy-container-196{opacity:1}<\/style><\/noscript>\n<p>&nbsp;<\/p>\n<ul>\n<li>indagine visiva secondo la UNI 11119:2004<\/li>\n<li>rilievo geometrico<\/li>\n<li>prove igrometriche<\/li>\n<li>profili resistografici (Resistograph IML RESI-PD 400)<\/li>\n<li>prove penetrometriche con lo sclerometro per legno Woodpecker DRC<\/li>\n<li>endoscopie agli appoggi<\/li>\n<\/ul>\n<h5><strong>Indagini sulle strutture in cemento armato<\/strong><\/h5>\n<p>&nbsp;<\/p>\n<div id=\"soliloquy-container-206\" class=\"soliloquy-container soliloquy-transition-fade  soliloquy-theme-base\" style=\"max-width:960px;max-height:300px;\"><ul id=\"soliloquy-206\" class=\"soliloquy-slider soliloquy-slides soliloquy-wrap soliloquy-clear\"><li class=\"soliloquy-item soliloquy-item-1 soliloquy-image-slide\" draggable=\"false\" style=\"list-style:none\"><img id=\"soliloquy-image-304\" class=\"soliloquy-image soliloquy-image-1\" src=\"http:\/\/prisma.uniroma3.it\/wp-content\/uploads\/2021\/05\/Corrosione-1.jpg\" alt=\"Corrosione\" \/><\/li><li class=\"soliloquy-item soliloquy-item-2 soliloquy-image-slide\" draggable=\"false\" style=\"list-style:none\"><img id=\"soliloquy-image-305\" class=\"soliloquy-image soliloquy-image-2\" src=\"http:\/\/prisma.uniroma3.it\/wp-content\/uploads\/2021\/05\/pull-out-1.jpg\" alt=\"pull-out\" \/><\/li><li class=\"soliloquy-item soliloquy-item-3 soliloquy-image-slide\" draggable=\"false\" style=\"list-style:none\"><img id=\"soliloquy-image-306\" class=\"soliloquy-image soliloquy-image-3\" src=\"http:\/\/prisma.uniroma3.it\/wp-content\/uploads\/2021\/05\/carotaggio-2.jpg\" alt=\"carotaggio\" \/><\/li><\/ul><\/div><noscript><style type=\"text\/css\">#soliloquy-container-206{opacity:1}<\/style><\/noscript>\n<p>&nbsp;<\/p>\n<ul>\n<li>indagini pacometriche con il Hilti PS 200 S Ferroscan<\/li>\n<li>prelievo di carote di calcestruzzo con successive prove di caratterizzazione meccanica in laboratorio<\/li>\n<li>misura della profondit\u00e0 di carbonatazione<\/li>\n<li>prove sclerometriche<\/li>\n<li>prove ultrasoniche<\/li>\n<li>metodo SonReb (metodo combinato sclerometro\/ultrasuoni)<\/li>\n<li>prove di pull-out con inserti post-inseriti<\/li>\n<li>mappe di potenziale elettrico, resistivit\u00e0 e rischio di corrosione e stima del tasso di corrosione dell&#8217;armatura<\/li>\n<\/ul>\n<h5><strong>Monitoraggio dinamico<\/strong><\/h5>\n<p>&nbsp;<\/p>\n<div id=\"soliloquy-container-486\" class=\"soliloquy-container soliloquy-transition-fade  soliloquy-theme-base\" style=\"max-width:960px;max-height:300px;\"><ul id=\"soliloquy-486\" class=\"soliloquy-slider soliloquy-slides soliloquy-wrap soliloquy-clear\"><li class=\"soliloquy-item soliloquy-item-1 soliloquy-image-slide\" draggable=\"false\" style=\"list-style:none\"><img id=\"soliloquy-image-510\" class=\"soliloquy-image soliloquy-image-1\" src=\"http:\/\/prisma.uniroma3.it\/wp-content\/uploads\/2022\/02\/Monitoraggio-1.jpg\" alt=\"Monitoraggio 1\" \/><\/li><li class=\"soliloquy-item soliloquy-item-2 soliloquy-image-slide\" draggable=\"false\" style=\"list-style:none\"><img id=\"soliloquy-image-511\" class=\"soliloquy-image soliloquy-image-2\" src=\"http:\/\/prisma.uniroma3.it\/wp-content\/uploads\/2022\/02\/Monitoraggio-2.jpg\" alt=\"Monitoraggio 2\" \/><\/li><\/ul><\/div><noscript><style type=\"text\/css\">#soliloquy-container-486{opacity:1}<\/style><\/noscript>\n<p>&nbsp;<\/p>\n<ul>\n<li>OMA &#8211; Operational Modal Analysis<\/li>\n<li>prove di vibrazione<\/li>\n<\/ul>\n","protected":false},"excerpt":{"rendered":"<p>&nbsp; L&#8217;Unit\u00e0 Mobile per la Sicurezza del Costruito consente al PRiSMa di operare direttamente sul territorio. Grazie alle attrezzature di cui dispone, l&#8217;unit\u00e0 mobile pu\u00f2 &#8230; <\/p>\n","protected":false},"author":3,"featured_media":0,"parent":0,"menu_order":0,"comment_status":"closed","ping_status":"closed","template":"","meta":[],"_links":{"self":[{"href":"http:\/\/prisma.uniroma3.it\/index.php\/wp-json\/wp\/v2\/pages\/156"}],"collection":[{"href":"http:\/\/prisma.uniroma3.it\/index.php\/wp-json\/wp\/v2\/pages"}],"about":[{"href":"http:\/\/prisma.uniroma3.it\/index.php\/wp-json\/wp\/v2\/types\/page"}],"author":[{"embeddable":true,"href":"http:\/\/prisma.uniroma3.it\/index.php\/wp-json\/wp\/v2\/users\/3"}],"replies":[{"embeddable":true,"href":"http:\/\/prisma.uniroma3.it\/index.php\/wp-json\/wp\/v2\/comments?post=156"}],"version-history":[{"count":45,"href":"http:\/\/prisma.uniroma3.it\/index.php\/wp-json\/wp\/v2\/pages\/156\/revisions"}],"predecessor-version":[{"id":513,"href":"http:\/\/prisma.uniroma3.it\/index.php\/wp-json\/wp\/v2\/pages\/156\/revisions\/513"}],"wp:attachment":[{"href":"http:\/\/prisma.uniroma3.it\/index.php\/wp-json\/wp\/v2\/media?parent=156"}],"curies":[{"name":"wp","href":"https:\/\/api.w.org\/{rel}","templated":true}]}}