{"id":4,"date":"2016-02-23T11:31:20","date_gmt":"2016-02-23T11:31:20","guid":{"rendered":"http:\/\/prisma.uniroma3.it\/?page_id=4"},"modified":"2022-02-01T10:01:24","modified_gmt":"2022-02-01T10:01:24","slug":"home","status":"publish","type":"page","link":"http:\/\/prisma.uniroma3.it\/","title":{"rendered":"home"},"content":{"rendered":"<p><div id=\"soliloquy-container-10\" class=\"soliloquy-container soliloquy-transition-fade  soliloquy-theme-base\" style=\"max-width:960px;max-height:300px;\"><ul id=\"soliloquy-10\" class=\"soliloquy-slider soliloquy-slides soliloquy-wrap soliloquy-clear\"><li class=\"soliloquy-item soliloquy-item-1 soliloquy-image-slide\" draggable=\"false\" style=\"list-style:none\"><img id=\"soliloquy-image-105\" class=\"soliloquy-image soliloquy-image-1\" src=\"http:\/\/prisma.uniroma3.it\/wp-content\/uploads\/2016\/02\/Montezemolo.jpg\" alt=\"Montezemolo\" \/><\/li><li class=\"soliloquy-item soliloquy-item-2 soliloquy-image-slide\" draggable=\"false\" style=\"list-style:none\"><img id=\"soliloquy-image-108\" class=\"soliloquy-image soliloquy-image-2\" src=\"http:\/\/prisma.uniroma3.it\/wp-content\/uploads\/2016\/02\/Composizione-1.jpg\" alt=\"Composizione 1\" \/><\/li><li class=\"soliloquy-item soliloquy-item-3 soliloquy-image-slide\" draggable=\"false\" style=\"list-style:none\"><img id=\"soliloquy-image-109\" class=\"soliloquy-image soliloquy-image-3\" src=\"http:\/\/prisma.uniroma3.it\/wp-content\/uploads\/2016\/02\/Arco-1.jpg\" alt=\"Arco\" \/><\/li><li class=\"soliloquy-item soliloquy-item-4 soliloquy-image-slide\" draggable=\"false\" style=\"list-style:none\"><img id=\"soliloquy-image-110\" class=\"soliloquy-image soliloquy-image-4\" src=\"http:\/\/prisma.uniroma3.it\/wp-content\/uploads\/2016\/02\/Composizione-2.jpg\" alt=\"Composizione 2\" \/><\/li><li class=\"soliloquy-item soliloquy-item-5 soliloquy-image-slide\" draggable=\"false\" style=\"list-style:none\"><img id=\"soliloquy-image-111\" class=\"soliloquy-image soliloquy-image-5\" src=\"http:\/\/prisma.uniroma3.it\/wp-content\/uploads\/2016\/02\/Palaexpo-1.jpg\" alt=\"Palaexp\u00f2\" \/><\/li><\/ul><\/div><noscript><style type=\"text\/css\">#soliloquy-container-10{opacity:1}<\/style><\/noscript><br \/>\n&nbsp;<br \/>\n&nbsp;<br \/>\nIl Laboratorio Prove e Ricerca su Strutture e Materiali (PRiSMa) dell&#8217;Universit\u00e0 degli Studi Roma Tre \u00e8 nato nel 2000 per coadiuvare le attivit\u00e0 di ricerca dei dipartimenti sulle strutture civili. Le attrezzature di cui dispone consentono di svolgere prove sperimentali su materiali da costruzione, su componenti strutturali e su modelli in scala.<\/p>\n<p>Il PRiSMa dispone anche di un&#8217;unit\u00e0 mobile per eseguire attivit\u00e0 di indagine e di monitoraggio statico e dinamico sull\u2019esistente direttamente in situ.<\/p>\n<p>In particolare il PRiSMa svolge:<\/p>\n<ul>\n<li>attivit\u00e0 di ricerca istituzionale, di base e applicata, nel campo delle strutture e dei materiali da costruzione;<\/li>\n<li>attivit\u00e0 di ricerca per conto di terzi nell&#8217;ambito di incarichi o convenzioni stipulate dal Dipartimento di Architettura o altri dipartimenti dell&#8217;Ateneo: in quest&#8217;ambito vengono svolte prove speciali presso la sede del PRiSMa oppure campagne d&#8217;indagine o monitoraggio direttamente <em>in situ<\/em>;<\/li>\n<li>prestazioni standard in conto terzi in qualit\u00e0 di Laboratorio Ufficiale ai sensi della legge 1086\/71;<\/li>\n<li>attivit\u00e0 di formazione (tirocini)<\/li>\n<li>supporto alla didattica (tesi di laurea triennale, magistrale e master)<\/li>\n<\/ul>\n<p><strong>Laboratorio Ufficiale<\/strong><br \/>\nIn qualit\u00e0 di Laboratorio Ufficiale vengono svolte le attivit\u00e0 sperimentali richieste dalla legge 1086\/71 per la determinazione della caratteristiche meccaniche dei materiali da costruzione impiegati nell&#8217;edilizia civile e industriale.<\/p>\n<p>La richiesta pu\u00f2 essere fatta scaricando l&#8217;apposito modulo nella sezione <a href=\"http:\/\/prisma.uniroma3.it\/index.php\/modulistica\/\">Download<\/a>, compilandolo e inoltrandolo al PRiSMa firmato e timbrato dal Direttore dei Lavori.<\/p>\n","protected":false},"excerpt":{"rendered":"<p>&nbsp; &nbsp; Il Laboratorio Prove e Ricerca su Strutture e Materiali (PRiSMa) dell&#8217;Universit\u00e0 degli Studi Roma Tre \u00e8 nato nel 2000 per coadiuvare le attivit\u00e0 &#8230; <\/p>\n","protected":false},"author":1,"featured_media":0,"parent":0,"menu_order":0,"comment_status":"closed","ping_status":"closed","template":"","meta":[],"_links":{"self":[{"href":"http:\/\/prisma.uniroma3.it\/index.php\/wp-json\/wp\/v2\/pages\/4"}],"collection":[{"href":"http:\/\/prisma.uniroma3.it\/index.php\/wp-json\/wp\/v2\/pages"}],"about":[{"href":"http:\/\/prisma.uniroma3.it\/index.php\/wp-json\/wp\/v2\/types\/page"}],"author":[{"embeddable":true,"href":"http:\/\/prisma.uniroma3.it\/index.php\/wp-json\/wp\/v2\/users\/1"}],"replies":[{"embeddable":true,"href":"http:\/\/prisma.uniroma3.it\/index.php\/wp-json\/wp\/v2\/comments?post=4"}],"version-history":[{"count":23,"href":"http:\/\/prisma.uniroma3.it\/index.php\/wp-json\/wp\/v2\/pages\/4\/revisions"}],"predecessor-version":[{"id":439,"href":"http:\/\/prisma.uniroma3.it\/index.php\/wp-json\/wp\/v2\/pages\/4\/revisions\/439"}],"wp:attachment":[{"href":"http:\/\/prisma.uniroma3.it\/index.php\/wp-json\/wp\/v2\/media?parent=4"}],"curies":[{"name":"wp","href":"https:\/\/api.w.org\/{rel}","templated":true}]}}